{"id":23,"date":"2016-03-09T15:51:13","date_gmt":"2016-03-09T15:51:13","guid":{"rendered":"https:\/\/www.moving-it.net\/?page_id=23"},"modified":"2018-01-20T11:15:30","modified_gmt":"2018-01-20T09:15:30","slug":"consultoria-it-i-gestio-erp-i-crm-per-empreses-i-autonoms","status":"publish","type":"page","link":"https:\/\/www.moving-it.net\/ca\/","title":{"rendered":"Consultoria IT i Gesti\u00f3 ERP i CRM per empreses i aut\u00f3noms"},"content":{"rendered":"<div class=\"fusion-fullwidth fullwidth-box fusion-builder-row-1 hundred-percent-fullwidth non-hundred-percent-height-scrolling\" style=\"--awb-border-radius-top-left:0px;--awb-border-radius-top-right:0px;--awb-border-radius-bottom-right:0px;--awb-border-radius-bottom-left:0px;--awb-overflow:visible;--awb-flex-wrap:wrap;\" ><div class=\"fusion-builder-row fusion-row\"><div class=\"fusion-layout-column fusion_builder_column fusion-builder-column-0 fusion_builder_column_1_1 1_1 fusion-one-full fusion-column-first fusion-column-last fusion-column-no-min-height\" style=\"--awb-bg-size:cover;--awb-margin-bottom:0px;\"><div class=\"fusion-column-wrapper fusion-flex-column-wrapper-legacy\"><div class=\"fusion-title title fusion-title-1 fusion-title-text fusion-title-size-two\"><h2 class=\"fusion-title-heading title-heading-left\" style=\"margin:0;\"><p style=\"text-align: center;\">Consultoria IT<\/p><\/h2><span class=\"awb-title-spacer\"><\/span><div class=\"title-sep-container\"><div class=\"title-sep sep-double sep-solid\" style=\"border-color:#e0dede;\"><\/div><\/div><\/div><div class=\"fusion-clearfix\"><\/div><\/div><\/div><div class=\"fusion-layout-column fusion_builder_column fusion-builder-column-1 fusion_builder_column_1_1 1_1 fusion-one-full fusion-column-first fusion-column-last\" style=\"--awb-bg-size:cover;\"><div class=\"fusion-column-wrapper fusion-flex-column-wrapper-legacy\"><div class=\"fusion-text fusion-text-1\"><p style=\"text-align: center;\">Amb l&#8217;entrada de les noves tecnologies, les empreses han hagut de fer un canvi intern molt important per tal d&#8217;adaptar-se als nous temps.<\/p>\n<p style=\"text-align: center;\">Totes les empreses estan informatitzades i moltes, per no dir totes, ja no utilitzen cap comunicaci\u00f3 tradicional (la de paper de tota la vida).<\/p>\n<p style=\"text-align: center;\">Per aix\u00f2 des de Moving-IT creiem que les xarxes internes de les empreses, com les comunicacions cap als seus Clients i Internet s\u00f3n tan importants.<\/p>\n<\/div><div class=\"fusion-clearfix\"><\/div><\/div><\/div><div class=\"fusion-layout-column fusion_builder_column fusion-builder-column-2 fusion_builder_column_1_2 1_2 fusion-one-half fusion-column-first\" style=\"--awb-bg-size:cover;width:48%; margin-right: 4%;\"><div class=\"fusion-column-wrapper fusion-flex-column-wrapper-legacy\"><div class=\"fusion-flip-boxes flip-boxes row fusion-columns-1 flip-effect-classic\"><div class=\"fusion-flip-box-wrapper fusion-column col-lg-12 col-md-12 col-sm-12\"><div class=\"fusion-flip-box flip-right\" tabindex=\"0\"><div class=\"flip-box-inner-wrapper\"><div class=\"flip-box-front\" style=\"--awb-border-size:1px;--awb-border-radius:4px;\"><div class=\"flip-box-front-inner\"><h2 class=\"flip-box-heading\">Auditoria i Consultoria de Xarxes<\/h2>Switching, Gesti\u00f3 de Vlans i Xarxes Corporatives<\/div><\/div><div class=\"flip-box-back\" style=\"--awb-border-size:1px;--awb-border-radius:4px;\"><div class=\"flip-box-back-inner\"><h3 class=\"flip-box-heading-back\">T'ajudem a millorar les comunicacions corporatives<\/h3>Gestionem els switchs i routers per millorar la connexi\u00f3 a Internet i acc\u00e9s a dades.<\/div><\/div><\/div><\/div><\/div><\/div><div class=\"clearfix\"><\/div><div class=\"fusion-clearfix\"><\/div><\/div><\/div><div class=\"fusion-layout-column fusion_builder_column fusion-builder-column-3 fusion_builder_column_1_2 1_2 fusion-one-half fusion-column-last\" style=\"--awb-bg-size:cover;width:48%;\"><div class=\"fusion-column-wrapper fusion-flex-column-wrapper-legacy\"><div class=\"fusion-flip-boxes flip-boxes row fusion-columns-1 flip-effect-classic\"><div class=\"fusion-flip-box-wrapper fusion-column col-lg-12 col-md-12 col-sm-12\"><div class=\"fusion-flip-box flip-right\" tabindex=\"0\"><div class=\"flip-box-inner-wrapper\"><div class=\"flip-box-front\" style=\"--awb-border-size:1px;--awb-border-radius:4px;\"><div class=\"flip-box-front-inner\"><h2 class=\"flip-box-heading\">Auditoria i Consultoria de Seguretat<\/h2>Firewalls, seguretat en Servidors Web, Antispam i Antivirus<\/div><\/div><div class=\"flip-box-back\" style=\"--awb-border-size:1px;--awb-border-radius:4px;\"><div class=\"flip-box-back-inner\"><h3 class=\"flip-box-heading-back\">Revisem la seguretat de les teves comunicacions<\/h3>Millorem la protecci\u00f3 revisant firewalls i implementant seguretat perimetral.<\/div><\/div><\/div><\/div><\/div><\/div><div class=\"clearfix\"><\/div><div class=\"fusion-clearfix\"><\/div><\/div><\/div><div class=\"fusion-layout-column fusion_builder_column fusion-builder-column-4 fusion_builder_column_1_2 1_2 fusion-one-half fusion-column-first\" style=\"--awb-bg-size:cover;width:48%; margin-right: 4%;\"><div class=\"fusion-column-wrapper fusion-flex-column-wrapper-legacy\"><div class=\"fusion-flip-boxes flip-boxes row fusion-columns-1 flip-effect-classic\"><div class=\"fusion-flip-box-wrapper fusion-column col-lg-12 col-md-12 col-sm-12\"><div class=\"fusion-flip-box flip-right\" tabindex=\"0\"><div class=\"flip-box-inner-wrapper\"><div class=\"flip-box-front\" style=\"--awb-border-size:1px;--awb-border-radius:4px;\"><div class=\"flip-box-front-inner\"><h2 class=\"flip-box-heading\">Gesti\u00f3 Xarxes Wifi<\/h2>Access Points, Controladors Wifi i Portal captiu<\/div><\/div><div class=\"flip-box-back\" style=\"--awb-border-size:1px;--awb-border-radius:4px;\"><div class=\"flip-box-back-inner\"><h3 class=\"flip-box-heading-back\">Solucions per les teves comunicacions sense fils empresarials<\/h3>Gestionem i millorem les connexions wifi per donar servei a empleats i clients.<\/div><\/div><\/div><\/div><\/div><\/div><div class=\"clearfix\"><\/div><div class=\"fusion-clearfix\"><\/div><\/div><\/div><div class=\"fusion-layout-column fusion_builder_column fusion-builder-column-5 fusion_builder_column_1_2 1_2 fusion-one-half fusion-column-last\" style=\"--awb-bg-size:cover;width:48%;\"><div class=\"fusion-column-wrapper fusion-flex-column-wrapper-legacy\"><div class=\"fusion-flip-boxes flip-boxes row fusion-columns-1 flip-effect-classic\"><div class=\"fusion-flip-box-wrapper fusion-column col-lg-12 col-md-12 col-sm-12\"><div class=\"fusion-flip-box flip-right\" tabindex=\"0\"><div class=\"flip-box-inner-wrapper\"><div class=\"flip-box-front\" style=\"--awb-border-size:1px;--awb-border-radius:4px;\"><div class=\"flip-box-front-inner\"><h2 class=\"flip-box-heading\">Connexions Remotes i Teletreball<\/h2>VPNs, WebVPN, Escriptori Remot...<\/div><\/div><div class=\"flip-box-back\" style=\"--awb-border-size:1px;--awb-border-radius:4px;\"><div class=\"flip-box-back-inner\"><h3 class=\"flip-box-heading-back\">Revisem totes les teves connexions cap a l'empresa <\/h3>Solucions per connectar-te des de on siguis a la teva empresa de manera r\u00e0pida i segura.<\/div><\/div><\/div><\/div><\/div><\/div><div class=\"clearfix\"><\/div><div class=\"fusion-clearfix\"><\/div><\/div><\/div><div class=\"fusion-layout-column fusion_builder_column fusion-builder-column-6 fusion_builder_column_1_1 1_1 fusion-one-full fusion-column-first fusion-column-last fusion-column-no-min-height\" style=\"--awb-bg-size:cover;--awb-margin-bottom:0px;\"><div class=\"fusion-column-wrapper fusion-flex-column-wrapper-legacy\"><div class=\"fusion-title title fusion-title-2 fusion-title-text fusion-title-size-two\"><h2 class=\"fusion-title-heading title-heading-left\" style=\"margin:0;\"><p style=\"text-align: center;\">Solucions ERP i CRM<\/p><\/h2><span class=\"awb-title-spacer\"><\/span><div class=\"title-sep-container\"><div class=\"title-sep sep-double sep-solid\" style=\"border-color:#e0dede;\"><\/div><\/div><\/div><div class=\"fusion-text fusion-text-2\"><p style=\"text-align: center;\">L\u2019organitzaci\u00f3 en les empreses \u00e9s tant o m\u00e9s important com les persones que hi treballen.<\/p>\n<p style=\"text-align: center;\">Tenir uns fluxos de treball (workflows) ben definits, \u00e0gils i personalitzats a les necessitats de les empreses \u00e9s funamental per una bona organitzaci\u00f3 i funcionament.<\/p>\n<p style=\"text-align: center;\">Les solucions CRM (Customer Relationship Managment) s\u00f3n essencials per donar un el millor servei als vostres clients. Aix\u00ed mateix els vostres comercials podr\u00e0n organitzar-se i saber en qualsevol moment l\u2019estat de les comandes, realitzar-les o organitzar les seves visites de manera m\u00e9s eficient. Els departaments de venda, gaudiran d\u2019una eina per facilitar la seva organitzaci\u00f3.<\/p>\n<p style=\"text-align: center;\">Des de Moving-IT proposem la implementaci\u00f3 de un sistema Open Source anomenat Odoo (anteriorment OpenERP) que s\u2019est\u00e0 convertint en un dels softwares de gesti\u00f3 d\u2019empresa m\u00e9s avan\u00e7ats i que permeten una personalitzaci\u00f3 constant i fiable.<\/p>\n<p><img decoding=\"async\" class=\"size-medium wp-image-62 aligncenter\" src=\"https:\/\/www.moving-it.net\/wp-content\/uploads\/2016\/03\/logo_transparent_198px-300x95.png\" sizes=\"(max-width: 300px) 100vw, 300px\" srcset=\"https:\/\/www.moving-it.net\/wp-content\/uploads\/2016\/03\/logo_transparent_198px-300x95.png 300w, https:\/\/www.moving-it.net\/wp-content\/uploads\/2016\/03\/logo_transparent_198px.png 623w\" alt=\"logo_transparent_198px\" width=\"300\" height=\"95\" \/><\/p>\n<\/div><div class=\"fusion-clearfix\"><\/div><\/div><\/div><\/div><\/div>\n","protected":false},"excerpt":{"rendered":"","protected":false},"author":1,"featured_media":0,"parent":0,"menu_order":0,"comment_status":"closed","ping_status":"closed","template":"","meta":{"rating_form_position":"","rating_results_position":"","mr_structured_data_type":"","footnotes":""},"class_list":["post-23","page","type-page","status-publish","hentry"],"yoast_head":"<!-- This site is optimized with the Yoast SEO plugin v23.9 - https:\/\/yoast.com\/wordpress\/plugins\/seo\/ -->\n<title>Consultoria IT i Gesti\u00f3 ERP i CRM per empreses i aut\u00f3noms<\/title>\n<meta name=\"description\" content=\"Auditoria i Consultoria de Xarxes. Auditoria i Consultoria de Seguretat. Gesti\u00f3 Xarxes Wifi. Conexions Remotes i Teletreball. ERP y CRM per empreses.\" \/>\n<meta name=\"robots\" content=\"index, follow, max-snippet:-1, max-image-preview:large, max-video-preview:-1\" \/>\n<link rel=\"canonical\" href=\"https:\/\/www.moving-it.net\/ca\/\" \/>\n<meta property=\"og:locale\" content=\"ca_ES\" \/>\n<meta property=\"og:type\" content=\"article\" \/>\n<meta property=\"og:title\" content=\"Consultoria IT i Gesti\u00f3 ERP i CRM per empreses i aut\u00f3noms\" \/>\n<meta property=\"og:description\" content=\"Auditoria i Consultoria de Xarxes. Auditoria i Consultoria de Seguretat. Gesti\u00f3 Xarxes Wifi. Conexions Remotes i Teletreball. ERP y CRM per empreses.\" \/>\n<meta property=\"og:url\" content=\"https:\/\/www.moving-it.net\/ca\/\" \/>\n<meta property=\"og:site_name\" content=\"Moving-IT\" \/>\n<meta property=\"article:publisher\" content=\"https:\/\/www.facebook.com\/movingit.net\/\" \/>\n<meta property=\"article:modified_time\" content=\"2018-01-20T09:15:30+00:00\" \/>\n<meta property=\"og:image\" content=\"https:\/\/www.moving-it.net\/wp-content\/uploads\/2016\/03\/logo_transparent_198px-300x95.png\" \/>\n<meta name=\"twitter:card\" content=\"summary_large_image\" \/>\n<meta name=\"twitter:site\" content=\"@movingitnet\" \/>\n<meta name=\"twitter:label1\" content=\"Temps estimat de lectura\" \/>\n\t<meta name=\"twitter:data1\" content=\"5 minuts\" \/>\n<script type=\"application\/ld+json\" class=\"yoast-schema-graph\">{\"@context\":\"https:\/\/schema.org\",\"@graph\":[{\"@type\":\"WebPage\",\"@id\":\"https:\/\/www.moving-it.net\/ca\/\",\"url\":\"https:\/\/www.moving-it.net\/ca\/\",\"name\":\"Consultoria IT i Gesti\u00f3 ERP i CRM per empreses i aut\u00f3noms\",\"isPartOf\":{\"@id\":\"https:\/\/www.moving-it.net\/ca\/#website\"},\"primaryImageOfPage\":{\"@id\":\"https:\/\/www.moving-it.net\/ca\/#primaryimage\"},\"image\":{\"@id\":\"https:\/\/www.moving-it.net\/ca\/#primaryimage\"},\"thumbnailUrl\":\"https:\/\/www.moving-it.net\/wp-content\/uploads\/2016\/03\/logo_transparent_198px-300x95.png\",\"datePublished\":\"2016-03-09T15:51:13+00:00\",\"dateModified\":\"2018-01-20T09:15:30+00:00\",\"description\":\"Auditoria i Consultoria de Xarxes. Auditoria i Consultoria de Seguretat. Gesti\u00f3 Xarxes Wifi. Conexions Remotes i Teletreball. ERP y CRM per empreses.\",\"breadcrumb\":{\"@id\":\"https:\/\/www.moving-it.net\/ca\/#breadcrumb\"},\"inLanguage\":\"ca\",\"potentialAction\":[{\"@type\":\"ReadAction\",\"target\":[\"https:\/\/www.moving-it.net\/ca\/\"]}]},{\"@type\":\"ImageObject\",\"inLanguage\":\"ca\",\"@id\":\"https:\/\/www.moving-it.net\/ca\/#primaryimage\",\"url\":\"https:\/\/www.moving-it.net\/wp-content\/uploads\/2016\/03\/logo_transparent_198px-300x95.png\",\"contentUrl\":\"https:\/\/www.moving-it.net\/wp-content\/uploads\/2016\/03\/logo_transparent_198px-300x95.png\"},{\"@type\":\"BreadcrumbList\",\"@id\":\"https:\/\/www.moving-it.net\/ca\/#breadcrumb\",\"itemListElement\":[{\"@type\":\"ListItem\",\"position\":1,\"name\":\"Inici\",\"item\":\"https:\/\/www.moving-it.net\/ca\/\"},{\"@type\":\"ListItem\",\"position\":2,\"name\":\"Consultoria IT i Gesti\u00f3 ERP i CRM per empreses i aut\u00f3noms\"}]},{\"@type\":\"WebSite\",\"@id\":\"https:\/\/www.moving-it.net\/ca\/#website\",\"url\":\"https:\/\/www.moving-it.net\/ca\/\",\"name\":\"Moving-IT\",\"description\":\"Consultoria IT y Gesti\u00f3n ERP\/CRM\",\"publisher\":{\"@id\":\"https:\/\/www.moving-it.net\/ca\/#organization\"},\"potentialAction\":[{\"@type\":\"SearchAction\",\"target\":{\"@type\":\"EntryPoint\",\"urlTemplate\":\"https:\/\/www.moving-it.net\/ca\/?s={search_term_string}\"},\"query-input\":{\"@type\":\"PropertyValueSpecification\",\"valueRequired\":true,\"valueName\":\"search_term_string\"}}],\"inLanguage\":\"ca\"},{\"@type\":\"Organization\",\"@id\":\"https:\/\/www.moving-it.net\/ca\/#organization\",\"name\":\"Moving-IT\",\"url\":\"https:\/\/www.moving-it.net\/ca\/\",\"logo\":{\"@type\":\"ImageObject\",\"inLanguage\":\"ca\",\"@id\":\"https:\/\/www.moving-it.net\/ca\/#\/schema\/logo\/image\/\",\"url\":\"https:\/\/www.moving-it.net\/wp-content\/uploads\/2016\/03\/moving-it-new-1.png\",\"contentUrl\":\"https:\/\/www.moving-it.net\/wp-content\/uploads\/2016\/03\/moving-it-new-1.png\",\"width\":300,\"height\":60,\"caption\":\"Moving-IT\"},\"image\":{\"@id\":\"https:\/\/www.moving-it.net\/ca\/#\/schema\/logo\/image\/\"},\"sameAs\":[\"https:\/\/www.facebook.com\/movingit.net\/\",\"https:\/\/x.com\/movingitnet\"]}]}<\/script>\n<!-- \/ Yoast SEO plugin. -->","yoast_head_json":{"title":"Consultoria IT i Gesti\u00f3 ERP i CRM per empreses i aut\u00f3noms","description":"Auditoria i Consultoria de Xarxes. Auditoria i Consultoria de Seguretat. Gesti\u00f3 Xarxes Wifi. Conexions Remotes i Teletreball. ERP y CRM per empreses.","robots":{"index":"index","follow":"follow","max-snippet":"max-snippet:-1","max-image-preview":"max-image-preview:large","max-video-preview":"max-video-preview:-1"},"canonical":"https:\/\/www.moving-it.net\/ca\/","og_locale":"ca_ES","og_type":"article","og_title":"Consultoria IT i Gesti\u00f3 ERP i CRM per empreses i aut\u00f3noms","og_description":"Auditoria i Consultoria de Xarxes. Auditoria i Consultoria de Seguretat. Gesti\u00f3 Xarxes Wifi. Conexions Remotes i Teletreball. ERP y CRM per empreses.","og_url":"https:\/\/www.moving-it.net\/ca\/","og_site_name":"Moving-IT","article_publisher":"https:\/\/www.facebook.com\/movingit.net\/","article_modified_time":"2018-01-20T09:15:30+00:00","og_image":[{"url":"https:\/\/www.moving-it.net\/wp-content\/uploads\/2016\/03\/logo_transparent_198px-300x95.png"}],"twitter_card":"summary_large_image","twitter_site":"@movingitnet","twitter_misc":{"Temps estimat de lectura":"5 minuts"},"schema":{"@context":"https:\/\/schema.org","@graph":[{"@type":"WebPage","@id":"https:\/\/www.moving-it.net\/ca\/","url":"https:\/\/www.moving-it.net\/ca\/","name":"Consultoria IT i Gesti\u00f3 ERP i CRM per empreses i aut\u00f3noms","isPartOf":{"@id":"https:\/\/www.moving-it.net\/ca\/#website"},"primaryImageOfPage":{"@id":"https:\/\/www.moving-it.net\/ca\/#primaryimage"},"image":{"@id":"https:\/\/www.moving-it.net\/ca\/#primaryimage"},"thumbnailUrl":"https:\/\/www.moving-it.net\/wp-content\/uploads\/2016\/03\/logo_transparent_198px-300x95.png","datePublished":"2016-03-09T15:51:13+00:00","dateModified":"2018-01-20T09:15:30+00:00","description":"Auditoria i Consultoria de Xarxes. Auditoria i Consultoria de Seguretat. Gesti\u00f3 Xarxes Wifi. Conexions Remotes i Teletreball. ERP y CRM per empreses.","breadcrumb":{"@id":"https:\/\/www.moving-it.net\/ca\/#breadcrumb"},"inLanguage":"ca","potentialAction":[{"@type":"ReadAction","target":["https:\/\/www.moving-it.net\/ca\/"]}]},{"@type":"ImageObject","inLanguage":"ca","@id":"https:\/\/www.moving-it.net\/ca\/#primaryimage","url":"https:\/\/www.moving-it.net\/wp-content\/uploads\/2016\/03\/logo_transparent_198px-300x95.png","contentUrl":"https:\/\/www.moving-it.net\/wp-content\/uploads\/2016\/03\/logo_transparent_198px-300x95.png"},{"@type":"BreadcrumbList","@id":"https:\/\/www.moving-it.net\/ca\/#breadcrumb","itemListElement":[{"@type":"ListItem","position":1,"name":"Inici","item":"https:\/\/www.moving-it.net\/ca\/"},{"@type":"ListItem","position":2,"name":"Consultoria IT i Gesti\u00f3 ERP i CRM per empreses i aut\u00f3noms"}]},{"@type":"WebSite","@id":"https:\/\/www.moving-it.net\/ca\/#website","url":"https:\/\/www.moving-it.net\/ca\/","name":"Moving-IT","description":"Consultoria IT y Gesti\u00f3n ERP\/CRM","publisher":{"@id":"https:\/\/www.moving-it.net\/ca\/#organization"},"potentialAction":[{"@type":"SearchAction","target":{"@type":"EntryPoint","urlTemplate":"https:\/\/www.moving-it.net\/ca\/?s={search_term_string}"},"query-input":{"@type":"PropertyValueSpecification","valueRequired":true,"valueName":"search_term_string"}}],"inLanguage":"ca"},{"@type":"Organization","@id":"https:\/\/www.moving-it.net\/ca\/#organization","name":"Moving-IT","url":"https:\/\/www.moving-it.net\/ca\/","logo":{"@type":"ImageObject","inLanguage":"ca","@id":"https:\/\/www.moving-it.net\/ca\/#\/schema\/logo\/image\/","url":"https:\/\/www.moving-it.net\/wp-content\/uploads\/2016\/03\/moving-it-new-1.png","contentUrl":"https:\/\/www.moving-it.net\/wp-content\/uploads\/2016\/03\/moving-it-new-1.png","width":300,"height":60,"caption":"Moving-IT"},"image":{"@id":"https:\/\/www.moving-it.net\/ca\/#\/schema\/logo\/image\/"},"sameAs":["https:\/\/www.facebook.com\/movingit.net\/","https:\/\/x.com\/movingitnet"]}]}},"multi-rating":{"mr_rating_results":[]},"_links":{"self":[{"href":"https:\/\/www.moving-it.net\/ca\/wp-json\/wp\/v2\/pages\/23","targetHints":{"allow":["GET"]}}],"collection":[{"href":"https:\/\/www.moving-it.net\/ca\/wp-json\/wp\/v2\/pages"}],"about":[{"href":"https:\/\/www.moving-it.net\/ca\/wp-json\/wp\/v2\/types\/page"}],"author":[{"embeddable":true,"href":"https:\/\/www.moving-it.net\/ca\/wp-json\/wp\/v2\/users\/1"}],"replies":[{"embeddable":true,"href":"https:\/\/www.moving-it.net\/ca\/wp-json\/wp\/v2\/comments?post=23"}],"version-history":[{"count":34,"href":"https:\/\/www.moving-it.net\/ca\/wp-json\/wp\/v2\/pages\/23\/revisions"}],"predecessor-version":[{"id":654,"href":"https:\/\/www.moving-it.net\/ca\/wp-json\/wp\/v2\/pages\/23\/revisions\/654"}],"wp:attachment":[{"href":"https:\/\/www.moving-it.net\/ca\/wp-json\/wp\/v2\/media?parent=23"}],"curies":[{"name":"wp","href":"https:\/\/api.w.org\/{rel}","templated":true}]}}