{"id":27,"date":"2016-03-09T14:56:19","date_gmt":"2016-03-09T14:56:19","guid":{"rendered":"https:\/\/www.moving-it.net\/?page_id=27"},"modified":"2018-01-20T11:15:31","modified_gmt":"2018-01-20T09:15:31","slug":"termes-legals","status":"publish","type":"page","link":"https:\/\/www.moving-it.net\/ca\/termes-legals\/","title":{"rendered":"Termes Legals"},"content":{"rendered":"<h2>Condicions d\u2019us<\/h2>\n<p>El lloc web https:\/\/www.moving-it.net\/ \u00e9s propietat de Albert Torro Vilert.<\/p>\n<p>En compliment de la Llei 34\/2002, d\u201911 de juliol, de serveis de la societat de la informaci\u00f3 i de comer\u00e7 electr\u00f2nic, li informem que Albert Torro Vilert \u00e9s el titular del seu lloc web https:\/\/www.moving-it.net\/, amb domicili al Carrer Narc\u00eds Roca i Farreras 9 amb CIF: ES40359196S.\u00a0Poden contactar amb nosaltres, a m\u00e9s d\u2019estar a la seva disposici\u00f3 al nostre domicili, usant els seg\u00fcents mitjants: per correu electr\u00f2nic a info@moving-it.net, o b\u00e9 per tel\u00e8fon al 663915472.<br \/>\nL\u2019us d\u2019aquest lloc Web https:\/\/www.moving-it.net\/ es regeix per les normes establertes en el present Av\u00eds Legal.<\/p>\n<h2>Limitaci\u00f3 de la responsabilitat<\/h2>\n<p>A https:\/\/www.moving-it.net\/ no ens responsabilitzem del mal \u00fas que es realitzi dels continguts de la nostra p\u00e0gina web, essent exclusiva responsabilitat de la persona que accedeix a ells o que els utilitza.<\/p>\n<p>Tampoc assumim cap responsabilitat per la informaci\u00f3 continguda a les p\u00e0gines web de tercers a les que es pugui accedir per enlla\u00e7os o buscadors des de la p\u00e0gina web de https:\/\/www.moving-it.net\/.<\/p>\n<h2>Pol\u00edtica d\u2019enlla\u00e7os<\/h2>\n<p>https:\/\/www.moving-it.net\/ no es fa responsable del contingut ni de la informaci\u00f3 de les p\u00e0gines web de tercers a les que l\u2019usuari pugui accedir a trav\u00e9s dels enlla\u00e7os establerts al seu lloc web. Aix\u00ed mateix, tampoc garantir\u00e0 la disponibilitat t\u00e8cnica, exactitud, veracitat, validesa o legalitat de p\u00e0gines alienes a la seva propietat a les que es pugui accedir mitjan\u00e7ant els enlla\u00e7os.<\/p>\n<p>https:\/\/www.moving-it.net\/ declara haver adoptat totes les mesures necess\u00e0ries per evitar qualsevol dany que, als usuaris del seu lloc web, poguessin derivar-se de la navegaci\u00f3 per la seva p\u00e0gina web. En conseq\u00fc\u00e8ncia, https:\/\/www.moving-it.net\/ no es fa responsable, en cap cas, dels eventuals danys que per la navegaci\u00f3 per Internet pogu\u00e9s patir l\u2019usuari.<\/p>\n<h2>Modificacions<\/h2>\n<p>https:\/\/www.moving-it.net\/ es reserva el dret de realitzar les modificacions que consideri oportunes, sense avis previ, en el contingut del seu lloc web, tant en el referent als continguts del lloc web, com en les condicions d\u2019us de la mateixa.<\/p>\n<h2>Cookies<\/h2>\n<p>https:\/\/www.moving-it.net\/ informa que el lloc web utilitza una cookie en la navegaci\u00f3 de l\u2019usuari pel lloc web per a facilitar la personalitzaci\u00f3 i comoditat de la navegaci\u00f3. Gr\u00e0cies a aquesta cookie resulta possible que https:\/\/www.moving-it.net\/ reconegui l\u2019idioma preferent escollit per l\u2019usuari, sense que hagi de seleccionar-lo de nou a cada cop que visiti el lloc web per accedir als continguts.<\/p>\n<p>Seguint la pol\u00edtica de protecci\u00f3 de dades de l\u2019empresa, https:\/\/www.moving-it.net\/ informa que les cookies s\u2019associen a l\u2019usuari an\u00f2nim i al seu ordinador, i en cap cas proporcionen per si el nom i cognoms de l\u2019usuari, i per tant no s\u2019emmagatzemen dades de car\u00e0cter personal de l\u2019usuari. L\u2019usuari t\u00e9 la possibilitat de configurar el navegador de manera que sigui informat de la recepci\u00f3 de cookies, podent, si aix\u00ed o desitja, impedir que siguin instal\u00b7lades en el seu disc dur.<\/p>\n<h2>Protecci\u00f3 de dades<\/h2>\n<p>La informaci\u00f3 personal que ens faciliti a trav\u00e9s dels diferents formularis, als correus electr\u00f2nics o qualsevol altre mitj\u00e0 que es presenti en aquest lloc Web, passar\u00e0 a ser introdu\u00efda en un fitxer automatitzat sota la responsabilitat de Albert Torro Vilert, i es mantindr\u00e0 confidencial y protegida En cap cas es destinar\u00e0 o utilitzar\u00e0 per a altres finalitats, no s\u2019entregar\u00e0 a terceres persones sense el seu consentiment, d\u2019acord amb els principis de protecci\u00f3 de dades de la llei espanyola LOPD (Llei Org\u00e0nica 15\/1999, de 13 de desembre, de Protecci\u00f3 de Dades de Car\u00e0cter Personal i el RD 1720\/2007, de 21 desembre, del Reglament de Desenvolupament). Per complir amb les diferents disposicions legals, hem establert diferents nivells de seguretat per a protegir les dades personals que ens faciliten, havent adoptat totes les mesures t\u00e8cniques al nostre abast per evitar la p\u00e8rdua, mal us, alteraci\u00f3, acc\u00e9s no autoritzat i manipulaci\u00f3 d\u2019aquestes dades personals.<\/p>\n<p>T\u00e9 sempre dret a exercir els seus drets d\u2019acc\u00e9s, rectificaci\u00f3, oposici\u00f3 o cancel\u00b7laci\u00f3 de les dades personals que ens hagi proporcionat. Si aix\u00ed ho desitja, pot posar-se en contacte amb nosaltres, indicant el dret que desitja exercir junt amb una c\u00f2pia del seu Document d\u2019Identitat a: info@moving-it.net<\/p>\n<p>Mentre no ens comuniqui el contrari, entendrem que les seves dades no han estat modificades, que vost\u00e8 es compromet a notificar-nos qualsevol variaci\u00f3 i que tenim el consentiment per utilitzar-los per tal de poder fidelitzar la relaci\u00f3 entre les parts.<\/p>\n<h2>Propietat intel\u00b7lectual de la web<\/h2>\n<p>Tots els drets de propietat intel\u00b7lectual derivats del contingut d\u2019aquesta p\u00e0gina web, el seu disseny gr\u00e0fic i els seus codis font, pertanyen a https:\/\/www.moving-it.net\/, corresponent-nos l\u2019exercici exclusiu dels drets d\u2019explotaci\u00f3 dels mateixos.<\/p>\n<p>Per tant queda prohibida la seva reproducci\u00f3, distribuci\u00f3, comunicaci\u00f3 p\u00fablica i transformaci\u00f3, total o parcial, sense l\u2019autoritzaci\u00f3 expressa de https:\/\/www.moving-it.net\/, tots els noms comercials, marques o signes diferents de qualsevol classe continguts en aquest lloc web estan protegits per la llei. Seran, per tant, obres protegides com a propietat intel\u00b7lectual per l\u2019ordenament jur\u00eddic espanyol, hi ser\u00e0 d\u2019aplicaci\u00f3 tant la normativa espanyola i comunit\u00e0ria en aquest camp, com els tractats internacionals relatius a la mat\u00e8ria i subscrits per Espanya.<\/p>\n","protected":false},"excerpt":{"rendered":"<p>Condicions d\u2019us El lloc web https:\/\/www.moving-it.net\/ \u00e9s propietat de Albert Torro Vilert. En compliment de la Llei 34\/2002, d\u201911 de juliol, de serveis de la societat de la informaci\u00f3 i de comer\u00e7 electr\u00f2nic, li informem que Albert Torro Vilert \u00e9s el titular del seu lloc web https:\/\/www.moving-it.net\/, amb domicili al [&hellip;]<\/p>\n","protected":false},"author":1,"featured_media":0,"parent":0,"menu_order":0,"comment_status":"closed","ping_status":"closed","template":"","meta":{"rating_form_position":"","rating_results_position":"","mr_structured_data_type":"","footnotes":""},"class_list":["post-27","page","type-page","status-publish","hentry"],"yoast_head":"<!-- This site is optimized with the Yoast SEO plugin v23.9 - https:\/\/yoast.com\/wordpress\/plugins\/seo\/ -->\n<title>Termes Legals - Moving-IT<\/title>\n<meta name=\"robots\" content=\"index, follow, max-snippet:-1, max-image-preview:large, max-video-preview:-1\" \/>\n<link rel=\"canonical\" href=\"https:\/\/www.moving-it.net\/ca\/termes-legals\/\" \/>\n<meta property=\"og:locale\" content=\"ca_ES\" \/>\n<meta property=\"og:type\" content=\"article\" \/>\n<meta property=\"og:title\" content=\"Termes Legals - Moving-IT\" \/>\n<meta property=\"og:description\" content=\"Condicions d\u2019us El lloc web https:\/\/www.moving-it.net\/ \u00e9s propietat de Albert Torro Vilert. En compliment de la Llei 34\/2002, d\u201911 de juliol, de serveis de la societat de la informaci\u00f3 i de comer\u00e7 electr\u00f2nic, li informem que Albert Torro Vilert \u00e9s el titular del seu lloc web https:\/\/www.moving-it.net\/, amb domicili al [&hellip;]\" \/>\n<meta property=\"og:url\" content=\"https:\/\/www.moving-it.net\/ca\/termes-legals\/\" \/>\n<meta property=\"og:site_name\" content=\"Moving-IT\" \/>\n<meta property=\"article:publisher\" content=\"https:\/\/www.facebook.com\/movingit.net\/\" \/>\n<meta property=\"article:modified_time\" content=\"2018-01-20T09:15:31+00:00\" \/>\n<meta name=\"twitter:card\" content=\"summary_large_image\" \/>\n<meta name=\"twitter:site\" content=\"@movingitnet\" \/>\n<meta name=\"twitter:label1\" content=\"Temps estimat de lectura\" \/>\n\t<meta name=\"twitter:data1\" content=\"5 minuts\" \/>\n<script type=\"application\/ld+json\" class=\"yoast-schema-graph\">{\"@context\":\"https:\/\/schema.org\",\"@graph\":[{\"@type\":\"WebPage\",\"@id\":\"https:\/\/www.moving-it.net\/ca\/termes-legals\/\",\"url\":\"https:\/\/www.moving-it.net\/ca\/termes-legals\/\",\"name\":\"Termes Legals - Moving-IT\",\"isPartOf\":{\"@id\":\"https:\/\/www.moving-it.net\/ca\/#website\"},\"datePublished\":\"2016-03-09T14:56:19+00:00\",\"dateModified\":\"2018-01-20T09:15:31+00:00\",\"breadcrumb\":{\"@id\":\"https:\/\/www.moving-it.net\/ca\/termes-legals\/#breadcrumb\"},\"inLanguage\":\"ca\",\"potentialAction\":[{\"@type\":\"ReadAction\",\"target\":[\"https:\/\/www.moving-it.net\/ca\/termes-legals\/\"]}]},{\"@type\":\"BreadcrumbList\",\"@id\":\"https:\/\/www.moving-it.net\/ca\/termes-legals\/#breadcrumb\",\"itemListElement\":[{\"@type\":\"ListItem\",\"position\":1,\"name\":\"Inici\",\"item\":\"https:\/\/www.moving-it.net\/ca\/\"},{\"@type\":\"ListItem\",\"position\":2,\"name\":\"Termes Legals\"}]},{\"@type\":\"WebSite\",\"@id\":\"https:\/\/www.moving-it.net\/ca\/#website\",\"url\":\"https:\/\/www.moving-it.net\/ca\/\",\"name\":\"Moving-IT\",\"description\":\"Consultoria IT y Gesti\u00f3n ERP\/CRM\",\"publisher\":{\"@id\":\"https:\/\/www.moving-it.net\/ca\/#organization\"},\"potentialAction\":[{\"@type\":\"SearchAction\",\"target\":{\"@type\":\"EntryPoint\",\"urlTemplate\":\"https:\/\/www.moving-it.net\/ca\/?s={search_term_string}\"},\"query-input\":{\"@type\":\"PropertyValueSpecification\",\"valueRequired\":true,\"valueName\":\"search_term_string\"}}],\"inLanguage\":\"ca\"},{\"@type\":\"Organization\",\"@id\":\"https:\/\/www.moving-it.net\/ca\/#organization\",\"name\":\"Moving-IT\",\"url\":\"https:\/\/www.moving-it.net\/ca\/\",\"logo\":{\"@type\":\"ImageObject\",\"inLanguage\":\"ca\",\"@id\":\"https:\/\/www.moving-it.net\/ca\/#\/schema\/logo\/image\/\",\"url\":\"https:\/\/www.moving-it.net\/wp-content\/uploads\/2016\/03\/moving-it-new-1.png\",\"contentUrl\":\"https:\/\/www.moving-it.net\/wp-content\/uploads\/2016\/03\/moving-it-new-1.png\",\"width\":300,\"height\":60,\"caption\":\"Moving-IT\"},\"image\":{\"@id\":\"https:\/\/www.moving-it.net\/ca\/#\/schema\/logo\/image\/\"},\"sameAs\":[\"https:\/\/www.facebook.com\/movingit.net\/\",\"https:\/\/x.com\/movingitnet\"]}]}<\/script>\n<!-- \/ Yoast SEO plugin. -->","yoast_head_json":{"title":"Termes Legals - Moving-IT","robots":{"index":"index","follow":"follow","max-snippet":"max-snippet:-1","max-image-preview":"max-image-preview:large","max-video-preview":"max-video-preview:-1"},"canonical":"https:\/\/www.moving-it.net\/ca\/termes-legals\/","og_locale":"ca_ES","og_type":"article","og_title":"Termes Legals - Moving-IT","og_description":"Condicions d\u2019us El lloc web https:\/\/www.moving-it.net\/ \u00e9s propietat de Albert Torro Vilert. En compliment de la Llei 34\/2002, d\u201911 de juliol, de serveis de la societat de la informaci\u00f3 i de comer\u00e7 electr\u00f2nic, li informem que Albert Torro Vilert \u00e9s el titular del seu lloc web https:\/\/www.moving-it.net\/, amb domicili al [&hellip;]","og_url":"https:\/\/www.moving-it.net\/ca\/termes-legals\/","og_site_name":"Moving-IT","article_publisher":"https:\/\/www.facebook.com\/movingit.net\/","article_modified_time":"2018-01-20T09:15:31+00:00","twitter_card":"summary_large_image","twitter_site":"@movingitnet","twitter_misc":{"Temps estimat de lectura":"5 minuts"},"schema":{"@context":"https:\/\/schema.org","@graph":[{"@type":"WebPage","@id":"https:\/\/www.moving-it.net\/ca\/termes-legals\/","url":"https:\/\/www.moving-it.net\/ca\/termes-legals\/","name":"Termes Legals - Moving-IT","isPartOf":{"@id":"https:\/\/www.moving-it.net\/ca\/#website"},"datePublished":"2016-03-09T14:56:19+00:00","dateModified":"2018-01-20T09:15:31+00:00","breadcrumb":{"@id":"https:\/\/www.moving-it.net\/ca\/termes-legals\/#breadcrumb"},"inLanguage":"ca","potentialAction":[{"@type":"ReadAction","target":["https:\/\/www.moving-it.net\/ca\/termes-legals\/"]}]},{"@type":"BreadcrumbList","@id":"https:\/\/www.moving-it.net\/ca\/termes-legals\/#breadcrumb","itemListElement":[{"@type":"ListItem","position":1,"name":"Inici","item":"https:\/\/www.moving-it.net\/ca\/"},{"@type":"ListItem","position":2,"name":"Termes Legals"}]},{"@type":"WebSite","@id":"https:\/\/www.moving-it.net\/ca\/#website","url":"https:\/\/www.moving-it.net\/ca\/","name":"Moving-IT","description":"Consultoria IT y Gesti\u00f3n ERP\/CRM","publisher":{"@id":"https:\/\/www.moving-it.net\/ca\/#organization"},"potentialAction":[{"@type":"SearchAction","target":{"@type":"EntryPoint","urlTemplate":"https:\/\/www.moving-it.net\/ca\/?s={search_term_string}"},"query-input":{"@type":"PropertyValueSpecification","valueRequired":true,"valueName":"search_term_string"}}],"inLanguage":"ca"},{"@type":"Organization","@id":"https:\/\/www.moving-it.net\/ca\/#organization","name":"Moving-IT","url":"https:\/\/www.moving-it.net\/ca\/","logo":{"@type":"ImageObject","inLanguage":"ca","@id":"https:\/\/www.moving-it.net\/ca\/#\/schema\/logo\/image\/","url":"https:\/\/www.moving-it.net\/wp-content\/uploads\/2016\/03\/moving-it-new-1.png","contentUrl":"https:\/\/www.moving-it.net\/wp-content\/uploads\/2016\/03\/moving-it-new-1.png","width":300,"height":60,"caption":"Moving-IT"},"image":{"@id":"https:\/\/www.moving-it.net\/ca\/#\/schema\/logo\/image\/"},"sameAs":["https:\/\/www.facebook.com\/movingit.net\/","https:\/\/x.com\/movingitnet"]}]}},"multi-rating":{"mr_rating_results":[]},"_links":{"self":[{"href":"https:\/\/www.moving-it.net\/ca\/wp-json\/wp\/v2\/pages\/27","targetHints":{"allow":["GET"]}}],"collection":[{"href":"https:\/\/www.moving-it.net\/ca\/wp-json\/wp\/v2\/pages"}],"about":[{"href":"https:\/\/www.moving-it.net\/ca\/wp-json\/wp\/v2\/types\/page"}],"author":[{"embeddable":true,"href":"https:\/\/www.moving-it.net\/ca\/wp-json\/wp\/v2\/users\/1"}],"replies":[{"embeddable":true,"href":"https:\/\/www.moving-it.net\/ca\/wp-json\/wp\/v2\/comments?post=27"}],"version-history":[{"count":3,"href":"https:\/\/www.moving-it.net\/ca\/wp-json\/wp\/v2\/pages\/27\/revisions"}],"predecessor-version":[{"id":97,"href":"https:\/\/www.moving-it.net\/ca\/wp-json\/wp\/v2\/pages\/27\/revisions\/97"}],"wp:attachment":[{"href":"https:\/\/www.moving-it.net\/ca\/wp-json\/wp\/v2\/media?parent=27"}],"curies":[{"name":"wp","href":"https:\/\/api.w.org\/{rel}","templated":true}]}}